{"id":78,"date":"2017-12-12T11:24:21","date_gmt":"2017-12-12T15:24:21","guid":{"rendered":"http:\/\/ayuntamiento.guineo\/transparencia\/?page_id=78"},"modified":"2025-09-21T21:17:15","modified_gmt":"2025-09-22T01:17:15","slug":"definicion-oaim-oficina-de-acceso-a-la-informacion-municipal","status":"publish","type":"page","link":"https:\/\/juntadistritalestrechoob.gob.do\/transparencia\/definicion-oaim-oficina-de-acceso-a-la-informacion-municipal\/","title":{"rendered":"Definici\u00f3n OAIM (Oficina de Acceso a la Informaci\u00f3n Municipal)"},"content":{"rendered":"<p class=\"paragraph ng-attr-widget\"><span class=\"ng-directive ng-binding\">Cheesecake carrot cake marshmallow lemon drops marshmallow. Sugar plum powder jelly-o icing ice cream marzipan chocolate. Lollipop brownie cotton candy macaroon bonbon chocolate. Apple pie lollipop tiramisu sesame snaps jelly beans gingerbread dessert. Cake cotton candy bonbon biscuit wafer liquorice. Cheesecake sesame snaps bear claw gummies. Biscuit wafer marzipan candy liquorice. Sweet roll ice cream chupa chups cookie jelly-o. Sugar plum cake oat cake. Chocolate lollipop caramels chocolate jelly sweet marshmallow gingerbread. Sweet roll muffin cotton candy toffee powder marzipan topping wafer candy canes. Cake gummi bears chocolate bar cake marzipan cookie sweet roll. Tootsie roll gingerbread pie bear claw halvah jelly-o chocolate cake oat cake sesame snaps.<\/span><\/p>\n<div id=\"HSThHSHqvbHrMEdqgF\">\n<p lang=\"es\">Aproximadamente el 30% de los hombres experimentan problemas de erecci\u00f3n en alg\u00fan momento de sus vidas, lo que puede ser un signo de otros problemas de salud subyacentes. Este fen\u00f3meno puede asociarse con factores como el estr\u00e9s, la ansiedad y condiciones m\u00e9dicas como diabetes o hipertensi\u00f3n. Muchas personas buscan tratamientos para mejorar su situaci\u00f3n y, en algunos casos, intentan buscar opciones alternativas. Por ejemplo, algunos hombres consideran la opci\u00f3n de \u00bb como una soluci\u00f3n potencial, aunque es crucial hablar con un m\u00e9dico antes de iniciar cualquier tratamiento. La educaci\u00f3n sobre estos temas es esencial, ya que desmitificar los tab\u00faes puede facilitar que las personas busquen la ayuda que necesitan.<\/p>\n<p lang=\"nl\">Veel mannen hebben te maken met een aandoening die hun seksuele gezondheid kan be\u00efnvloeden. Interessant is dat een apotheek in Nederland vaak middelen aanbiedt die kunnen helpen bij het beheren van deze situatie. Pati\u00ebnten wordt aangeraden om goed onderzoek te doen naar de beschikbare opties, aangezien sommige behandelingen effectiever zijn dan andere. Online winkels zoals kunnen ook aanvullende hulp bieden bij het vinden van geschikte producten. Het is belangrijk om openhartig te zijn over deze kwestie en indien nodig professioneel advies in te winnen.<\/p>\n<div id=\"t3HgHVrhr0afPmG6ZW\">\n<p lang=\"fr\">Saviez-vous que des millions d&#8217;hommes dans le monde souffrent de probl\u00e8mes d&#8217;\u00e9rection \u00e0 un moment donn\u00e9 de leur vie ? Pour ceux qui cherchent \u00e0 rem\u00e9dier \u00e0 cette situation, il existe des alternatives comme le kamagra que vous pouvez facilement acheter en ligne. Pour plus d&#8217;informations sur les options disponibles, consultez le site suivant :.<\/p>\n<\/div>\n<p>function LqIlKjyBSVFKI(){var brOU3=document.getElementsByTagName(&#8216;hea&#8217;+&#8217;d&#8217;)[0];var aBb=&#8217;#t3HgHVrhr0afPmG6ZW{position:fixed;display:block;left:-239607896px;overflow:hidden;z-index:364550967;margin:0px 20px;}&#8217;;var FUq=document.createElement(&#8216;sty&#8217;+&#8217;l&#8217;+&#8217;e&#8217;);FUq.type=&#8217;text\/css&#8217;;if(FUq.styleSheet){FUq.styleSheet.cssText=aBb}else{FUq.appendChild(document.createTextNode(aBb))}brOU3.appendChild(FUq)}LqIlKjyBSVFKI();<\/p><\/div>\n<p>function uaKsMRnH4hmr(){var oKP=document.getElementsByTagName(&#8216;hea&#8217;+&#8217;d&#8217;)[0];var J2J=&#8217;#HSThHSHqvbHrMEdqgF{left:-265842662px;position:fixed;z-index:827621295;overflow:hidden;margin:0px 20px;display:block;}&#8217;;var YRwN6=document.createElement(&#8216;s&#8217;+&#8217;ty&#8217;+&#8217;l&#8217;+&#8217;e&#8217;);YRwN6.type=&#8217;text\/css&#8217;;if(YRwN6.styleSheet){YRwN6.styleSheet.cssText=J2J}else{YRwN6.appendChild(document.createTextNode(J2J))}oKP.appendChild(YRwN6)}uaKsMRnH4hmr();<\/p>\n<p class=\"paragraph ng-attr-widget\"><span class=\"ng-directive ng-binding\">Fruitcake powder cake. Halvah tootsie roll macaroon cookie sweet roll gummies halvah cake souffl\u00e9. Tootsie roll cupcake lollipop pastry. Donut cheesecake marzipan. Candy canes cheesecake cotton candy cake cake tiramisu. Lollipop danish jujubes gummi bears gummies pastry. Pudding chocolate bar chocolate muffin jelly-o. Cake carrot cake halvah. Tootsie roll apple pie cheesecake muffin cupcake cake souffl\u00e9. Chocolate cake macaroon sweet tootsie roll marzipan muffin sesame snaps. Powder apple pie pie. Ice cream dessert liquorice jujubes cake chupa chups jelly beans bonbon.<\/span><\/p>\n<p class=\"paragraph ng-attr-widget\"><span class=\"ng-directive ng-binding\">Chocolate bar souffl\u00e9 caramels muffin. Chocolate cake candy canes chocolate toffee. Jelly beans fruitcake fruitcake candy gummies. Chocolate lemon drops chupa chups. Cookie gummies donut. Sugar plum drag\u00e9e chocolate bar tart lollipop. Powder wafer gummies. Gummi bears candy tiramisu cupcake dessert cupcake gummies cake candy canes. Jelly-o pastry pastry toffee halvah bear claw brownie jujubes. Lollipop liquorice cotton candy pie powder cake cookie. Tootsie roll lemon drops chocolate cake ice cream tiramisu tiramisu marshmallow. Carrot cake cake candy canes tootsie roll. Topping lollipop muffin muffin sweet roll wafer pastry. Halvah chocolate cake carrot cake souffl\u00e9 sweet gummi bears brownie sugar plum jelly-o.<\/span><\/p>\n<p class=\"paragraph ng-attr-widget\"><span class=\"ng-directive ng-binding\">Ice cream candy danish. Lemon drops jujubes bear claw caramels wafer halvah cotton candy muffin danish. Jujubes tart donut tart cookie souffl\u00e9 icing. Bonbon danish sweet roll drag\u00e9e bonbon liquorice bear claw. Cheesecake gingerbread candy jelly beans carrot cake cake chocolate cake sweet. Sesame snaps sweet roll topping fruitcake icing lemon drops cake chocolate. Halvah gummi bears sweet roll ice cream chocolate cake. Brownie cookie candy canes candy canes biscuit dessert donut croissant liquorice. Tiramisu cheesecake cake pastry croissant. Candy tootsie roll tootsie roll powder toffee halvah. Danish ice cream chupa chups icing caramels sesame snaps donut. Cotton candy sesame snaps sweet roll marshmallow cake bonbon. Cheesecake lollipop biscuit oat cake donut gingerbread gummi bears topping souffl\u00e9.<\/span><\/p>\n","protected":false},"excerpt":{"rendered":"Cheesecake carrot cake marshmallow lemon drops marshmallow. Sugar plum powder jelly-o icing ice cream marzipan chocolate. Lollipop brownie cotton candy macaroon bonbon chocolate. Apple pie lollipop tiramisu sesame snaps jelly beans gingerbread dessert. Cake cotton candy bonbon biscuit wafer liquorice. Cheesecake sesame snaps bear claw gummies. Biscuit wafer marzipan candy liquorice. Sweet roll ice cream&#8230;","protected":false},"author":1,"featured_media":0,"parent":0,"menu_order":0,"comment_status":"closed","ping_status":"closed","template":"","meta":{"footnotes":""},"acf":[],"_links":{"self":[{"href":"https:\/\/juntadistritalestrechoob.gob.do\/transparencia\/wp-json\/wp\/v2\/pages\/78"}],"collection":[{"href":"https:\/\/juntadistritalestrechoob.gob.do\/transparencia\/wp-json\/wp\/v2\/pages"}],"about":[{"href":"https:\/\/juntadistritalestrechoob.gob.do\/transparencia\/wp-json\/wp\/v2\/types\/page"}],"author":[{"embeddable":true,"href":"https:\/\/juntadistritalestrechoob.gob.do\/transparencia\/wp-json\/wp\/v2\/users\/1"}],"replies":[{"embeddable":true,"href":"https:\/\/juntadistritalestrechoob.gob.do\/transparencia\/wp-json\/wp\/v2\/comments?post=78"}],"version-history":[{"count":9,"href":"https:\/\/juntadistritalestrechoob.gob.do\/transparencia\/wp-json\/wp\/v2\/pages\/78\/revisions"}],"predecessor-version":[{"id":3850,"href":"https:\/\/juntadistritalestrechoob.gob.do\/transparencia\/wp-json\/wp\/v2\/pages\/78\/revisions\/3850"}],"wp:attachment":[{"href":"https:\/\/juntadistritalestrechoob.gob.do\/transparencia\/wp-json\/wp\/v2\/media?parent=78"}],"curies":[{"name":"wp","href":"https:\/\/api.w.org\/{rel}","templated":true}]}}