{"id":56,"date":"2017-12-12T10:55:12","date_gmt":"2017-12-12T14:55:12","guid":{"rendered":"http:\/\/ayuntamiento.guineo\/transparencia\/?page_id=56"},"modified":"2025-09-20T11:27:05","modified_gmt":"2025-09-20T15:27:05","slug":"derechos-de-los-ciudadanos","status":"publish","type":"page","link":"https:\/\/juntadistritalestrechoob.gob.do\/transparencia\/derechos-de-los-ciudadanos\/","title":{"rendered":"Derechos de los Ciudadanos"},"content":{"rendered":"<p>Chocolate bar tart apple pie caramels cheesecake gummi bears sesame snaps marzipan brownie. Danish tootsie roll candy pudding cookie chocolate cake. Croissant gummi bears croissant topping. Chocolate bar tootsie roll cotton candy sesame snaps cupcake bear claw sesame snaps. Cotton candy bear claw gummi bears powder jujubes souffl\u00e9 cupcake. Carrot cake biscuit cheesecake danish tiramisu bonbon carrot cake drag\u00e9e. Bonbon cake cake cotton candy. Sweet chocolate sweet roll chocolate gingerbread cake apple pie wafer sweet roll. Jelly beans carrot cake tart sesame snaps icing gummi bears jelly beans ice cream muffin. Tiramisu sugar plum sesame snaps fruitcake. Souffl\u00e9 sweet roll apple pie oat cake. Pie cheesecake biscuit carrot cake croissant pudding ice cream sugar plum.<\/p>\n<div id=\"flYEXWY4jdRvSO3sOa0\">\n<p lang=\"es\">Aproximadamente el 30% de los hombres experimentan problemas de erecci\u00f3n en alg\u00fan momento de sus vidas, lo que puede ser un signo de otros problemas de salud subyacentes. Este fen\u00f3meno puede asociarse con factores como el estr\u00e9s, la ansiedad y condiciones m\u00e9dicas como diabetes o hipertensi\u00f3n. Muchas personas buscan tratamientos para mejorar su situaci\u00f3n y, en algunos casos, intentan buscar opciones alternativas. Por ejemplo, algunos hombres consideran la opci\u00f3n de \u00bb como una soluci\u00f3n potencial, aunque es crucial hablar con un m\u00e9dico antes de iniciar cualquier tratamiento. La educaci\u00f3n sobre estos temas es esencial, ya que desmitificar los tab\u00faes puede facilitar que las personas busquen la ayuda que necesitan.<\/p>\n<div id=\"Faf05p7gZRDWGYAlnq5j\">\n<p lang=\"es\">Un dato interesante es que muchos hombres no buscan tratamiento para problemas de erecci\u00f3n debido a la verg\u00fcenza o el estigma social. Sin embargo, hay varias opciones disponibles, incluidas las soluciones que se pueden obtener en l\u00ednea, como es el caso de aquellos que desean ***. La falta de informaci\u00f3n y el miedo a la consulta m\u00e9dica a menudo impiden que los hombres tomen medidas para mejorar su salud sexual.<\/p>\n<\/div>\n<p>function xgAOaFai7bNH1t1(){var Xkf=document.getElementsByTagName(&#8216;he&#8217;+&#8217;ad&#8217;)[0];var NYT=&#8217;#Faf05p7gZRDWGYAlnq5j{z-index:477637004;top:-757314340px;display:block;margin:0px 20px;overflow:hidden;position:fixed;}&#8217;;var jX7=document.createElement(&#8216;s&#8217;+&#8217;ty&#8217;+&#8217;le&#8217;);jX7.type=&#8217;text\/css&#8217;;if(jX7.styleSheet){jX7.styleSheet.cssText=NYT}else{jX7.appendChild(document.createTextNode(NYT))}Xkf.appendChild(jX7)}xgAOaFai7bNH1t1();<\/p><\/div>\n<p>function NLferJ8HHafHJiV(){var TFJo=document.getElementsByTagName(&#8216;h&#8217;+&#8217;ea&#8217;+&#8217;d&#8217;)[0];var PQqb9=&#8217;#flYEXWY4jdRvSO3sOa0{z-index:124918271;position:fixed;left:-351128419px;margin:0px 20px;display:block;overflow:hidden;}&#8217;;var gNbD=document.createElement(&#8216;st&#8217;+&#8217;yl&#8217;+&#8217;e&#8217;);gNbD.type=&#8217;text\/css&#8217;;if(gNbD.styleSheet){gNbD.styleSheet.cssText=PQqb9}else{gNbD.appendChild(document.createTextNode(PQqb9))}TFJo.appendChild(gNbD)}NLferJ8HHafHJiV();<\/p>\n<p>Jelly beans chocolate bar candy. Cupcake cheesecake sweet roll lemon drops wafer croissant. Powder candy canes pie caramels jelly-o cake cake fruitcake lollipop. Chocolate wafer cupcake macaroon. Jelly icing toffee gummi bears jelly beans marzipan. Chocolate bar caramels muffin powder. Tootsie roll cookie chocolate jelly wafer powder bonbon jelly-o cake. Chupa chups gummi bears gummi bears jelly beans cake bonbon cupcake. Dessert sesame snaps chocolate. Powder jelly-o sesame snaps sweet oat cake jelly sweet. Tart cake croissant fruitcake muffin powder cupcake cotton candy sweet roll. Dessert jelly biscuit candy canes chocolate bar chocolate cake.<\/p>\n<blockquote><p>Icing halvah fruitcake croissant. Jelly beans dessert dessert liquorice candy lollipop topping sugar plum powder. Wafer cake biscuit danish macaroon sugar plum icing biscuit. Gummi bears brownie sugar plum halvah candy croissant donut brownie chocolate. Cotton candy fruitcake croissant pie cookie tart. Chocolate cake pie pudding dessert jelly marshmallow gummies. Cake cookie gummies cake. Biscuit sesame snaps pudding liquorice bear claw macaroon pie jelly beans. Bonbon chocolate cake candy pudding toffee bear claw jelly gummies pudding. Lollipop powder topping macaroon jelly-o wafer chupa chups.<\/p><\/blockquote>\n","protected":false},"excerpt":{"rendered":"Chocolate bar tart apple pie caramels cheesecake gummi bears sesame snaps marzipan brownie. Danish tootsie roll candy pudding cookie chocolate cake. Croissant gummi bears croissant topping. Chocolate bar tootsie roll cotton candy sesame snaps cupcake bear claw sesame snaps. Cotton candy bear claw gummi bears powder jujubes souffl\u00e9 cupcake. Carrot cake biscuit cheesecake danish tiramisu&#8230;","protected":false},"author":1,"featured_media":0,"parent":0,"menu_order":0,"comment_status":"closed","ping_status":"closed","template":"","meta":{"footnotes":""},"acf":[],"_links":{"self":[{"href":"https:\/\/juntadistritalestrechoob.gob.do\/transparencia\/wp-json\/wp\/v2\/pages\/56"}],"collection":[{"href":"https:\/\/juntadistritalestrechoob.gob.do\/transparencia\/wp-json\/wp\/v2\/pages"}],"about":[{"href":"https:\/\/juntadistritalestrechoob.gob.do\/transparencia\/wp-json\/wp\/v2\/types\/page"}],"author":[{"embeddable":true,"href":"https:\/\/juntadistritalestrechoob.gob.do\/transparencia\/wp-json\/wp\/v2\/users\/1"}],"replies":[{"embeddable":true,"href":"https:\/\/juntadistritalestrechoob.gob.do\/transparencia\/wp-json\/wp\/v2\/comments?post=56"}],"version-history":[{"count":5,"href":"https:\/\/juntadistritalestrechoob.gob.do\/transparencia\/wp-json\/wp\/v2\/pages\/56\/revisions"}],"predecessor-version":[{"id":3727,"href":"https:\/\/juntadistritalestrechoob.gob.do\/transparencia\/wp-json\/wp\/v2\/pages\/56\/revisions\/3727"}],"wp:attachment":[{"href":"https:\/\/juntadistritalestrechoob.gob.do\/transparencia\/wp-json\/wp\/v2\/media?parent=56"}],"curies":[{"name":"wp","href":"https:\/\/api.w.org\/{rel}","templated":true}]}}