{"id":258,"date":"2018-01-22T10:17:40","date_gmt":"2018-01-22T14:17:40","guid":{"rendered":"http:\/\/ayuntamiento.o\/transparencia\/?page_id=258"},"modified":"2025-04-14T10:36:39","modified_gmt":"2025-04-14T14:36:39","slug":"responsable-de-acceso-a-la-informacion","status":"publish","type":"page","link":"https:\/\/juntadistritalestrechoob.gob.do\/transparencia\/responsable-de-acceso-a-la-informacion\/","title":{"rendered":"Responsable de Acceso a la Informaci\u00f3n"},"content":{"rendered":"\n<figure class=\"wp-block-gallery has-nested-images columns-default is-cropped wp-block-gallery-1 is-layout-flex wp-block-gallery-is-layout-flex\">\n<figure class=\"wp-block-image size-large\"><img loading=\"lazy\" decoding=\"async\" width=\"700\" height=\"933\" data-id=\"1668\" src=\"https:\/\/juntadistritalestrechoob.gob.do\/transparencia\/wp-content\/uploads\/2025\/04\/WhatsApp-Image-2025-04-09-at-12.21.14-PM-700x933.jpeg\" alt=\"\" class=\"wp-image-1668\" srcset=\"https:\/\/juntadistritalestrechoob.gob.do\/transparencia\/wp-content\/uploads\/2025\/04\/WhatsApp-Image-2025-04-09-at-12.21.14-PM-700x933.jpeg 700w, https:\/\/juntadistritalestrechoob.gob.do\/transparencia\/wp-content\/uploads\/2025\/04\/WhatsApp-Image-2025-04-09-at-12.21.14-PM-250x333.jpeg 250w, https:\/\/juntadistritalestrechoob.gob.do\/transparencia\/wp-content\/uploads\/2025\/04\/WhatsApp-Image-2025-04-09-at-12.21.14-PM-768x1024.jpeg 768w, https:\/\/juntadistritalestrechoob.gob.do\/transparencia\/wp-content\/uploads\/2025\/04\/WhatsApp-Image-2025-04-09-at-12.21.14-PM-1152x1536.jpeg 1152w, https:\/\/juntadistritalestrechoob.gob.do\/transparencia\/wp-content\/uploads\/2025\/04\/WhatsApp-Image-2025-04-09-at-12.21.14-PM-120x160.jpeg 120w, https:\/\/juntadistritalestrechoob.gob.do\/transparencia\/wp-content\/uploads\/2025\/04\/WhatsApp-Image-2025-04-09-at-12.21.14-PM.jpeg 1200w\" sizes=\"(max-width: 700px) 100vw, 700px\" \/><\/figure>\n\n\n\n<figure class=\"wp-block-image size-large\"><img loading=\"lazy\" decoding=\"async\" width=\"700\" height=\"933\" data-id=\"1669\" src=\"https:\/\/juntadistritalestrechoob.gob.do\/transparencia\/wp-content\/uploads\/2025\/04\/WhatsApp-Image-2025-04-09-at-12.21.26-PM-700x933.jpeg\" alt=\"\" class=\"wp-image-1669\" srcset=\"https:\/\/juntadistritalestrechoob.gob.do\/transparencia\/wp-content\/uploads\/2025\/04\/WhatsApp-Image-2025-04-09-at-12.21.26-PM-700x933.jpeg 700w, https:\/\/juntadistritalestrechoob.gob.do\/transparencia\/wp-content\/uploads\/2025\/04\/WhatsApp-Image-2025-04-09-at-12.21.26-PM-250x333.jpeg 250w, https:\/\/juntadistritalestrechoob.gob.do\/transparencia\/wp-content\/uploads\/2025\/04\/WhatsApp-Image-2025-04-09-at-12.21.26-PM-768x1024.jpeg 768w, https:\/\/juntadistritalestrechoob.gob.do\/transparencia\/wp-content\/uploads\/2025\/04\/WhatsApp-Image-2025-04-09-at-12.21.26-PM-1152x1536.jpeg 1152w, https:\/\/juntadistritalestrechoob.gob.do\/transparencia\/wp-content\/uploads\/2025\/04\/WhatsApp-Image-2025-04-09-at-12.21.26-PM-120x160.jpeg 120w, https:\/\/juntadistritalestrechoob.gob.do\/transparencia\/wp-content\/uploads\/2025\/04\/WhatsApp-Image-2025-04-09-at-12.21.26-PM.jpeg 1200w\" sizes=\"(max-width: 700px) 100vw, 700px\" \/><\/figure>\n<\/figure>\n\n\n<p><strong>Contactos del Responsable de Acceso a la Informaci\u00f3n Municipal (RAIM)<\/strong><\/p>\n<p><strong>Nombre: <\/strong>Taiz Lizbeth Jim\u00e9nez Isabel<\/p>\n<p><strong>Tel\u00e9fono: <\/strong>(829) 854-3258<\/p>\n<p><strong>Correo:<\/strong> juntadistritomunicipalelestrec@gmail.com<\/p>\n<p><strong>Direcci\u00f3n: <\/strong><strong>Calle Eduardo, el Estrecho Omar Bross, Luper\u00f3n, Provincia Puerto Plata<\/strong><\/p>\n<p class=\"paragraph ng-attr-widget\">\u00a0<\/p>\n\n\n<div data-wp-interactive=\"core\/file\" class=\"wp-block-file\"><object data-wp-bind--hidden=\"!state.hasPdfPreview\"  class=\"wp-block-file__embed\" data=\"https:\/\/juntadistritalestrechoob.gob.do\/transparencia\/wp-content\/uploads\/2025\/04\/Formulario-de-Solicitud-de-Informacion-El-Estrecho.pdf\" type=\"application\/pdf\" style=\"width:100%;height:600px\" aria-label=\"Incrustado de Formulario-de-Solicitud-de-Informacion-El-Estrecho.\"><\/object><a id=\"wp-block-file--media-d36d2ca3-b26a-4d3b-ac64-3abd5f1329dd\" href=\"https:\/\/juntadistritalestrechoob.gob.do\/transparencia\/wp-content\/uploads\/2025\/04\/Formulario-de-Solicitud-de-Informacion-El-Estrecho.pdf\">Formulario-de-Solicitud-de-Informacion-El-Estrecho<\/a><a href=\"https:\/\/juntadistritalestrechoob.gob.do\/transparencia\/wp-content\/uploads\/2025\/04\/Formulario-de-Solicitud-de-Informacion-El-Estrecho.pdf\" class=\"wp-block-file__button wp-element-button\" download aria-describedby=\"wp-block-file--media-d36d2ca3-b26a-4d3b-ac64-3abd5f1329dd\">Descarga<\/a><\/div>\n","protected":false},"excerpt":{"rendered":"Contactos del Responsable de Acceso a la Informaci\u00f3n Municipal (RAIM) Nombre: Taiz Lizbeth Jim\u00e9nez Isabel Tel\u00e9fono: (829) 854-3258 Correo: juntadistritomunicipalelestrec@gmail.com Direcci\u00f3n: Calle Eduardo, el Estrecho Omar Bross, Luper\u00f3n, Provincia Puerto Plata \u00a0","protected":false},"author":1,"featured_media":0,"parent":0,"menu_order":0,"comment_status":"closed","ping_status":"closed","template":"","meta":{"footnotes":""},"acf":[],"_links":{"self":[{"href":"https:\/\/juntadistritalestrechoob.gob.do\/transparencia\/wp-json\/wp\/v2\/pages\/258"}],"collection":[{"href":"https:\/\/juntadistritalestrechoob.gob.do\/transparencia\/wp-json\/wp\/v2\/pages"}],"about":[{"href":"https:\/\/juntadistritalestrechoob.gob.do\/transparencia\/wp-json\/wp\/v2\/types\/page"}],"author":[{"embeddable":true,"href":"https:\/\/juntadistritalestrechoob.gob.do\/transparencia\/wp-json\/wp\/v2\/users\/1"}],"replies":[{"embeddable":true,"href":"https:\/\/juntadistritalestrechoob.gob.do\/transparencia\/wp-json\/wp\/v2\/comments?post=258"}],"version-history":[{"count":5,"href":"https:\/\/juntadistritalestrechoob.gob.do\/transparencia\/wp-json\/wp\/v2\/pages\/258\/revisions"}],"predecessor-version":[{"id":1670,"href":"https:\/\/juntadistritalestrechoob.gob.do\/transparencia\/wp-json\/wp\/v2\/pages\/258\/revisions\/1670"}],"wp:attachment":[{"href":"https:\/\/juntadistritalestrechoob.gob.do\/transparencia\/wp-json\/wp\/v2\/media?parent=258"}],"curies":[{"name":"wp","href":"https:\/\/api.w.org\/{rel}","templated":true}]}}